{"id":6933,"date":"2021-05-28T10:22:28","date_gmt":"2021-05-28T08:22:28","guid":{"rendered":"https:\/\/samshine.nl\/?page_id=6933"},"modified":"2026-02-09T20:57:56","modified_gmt":"2026-02-09T19:57:56","slug":"datenschutzerklaerung","status":"publish","type":"page","link":"https:\/\/samshine.nl\/de\/datenschutzerklaerung","title":{"rendered":"Datenschutzerkl\u00e4rung"},"content":{"rendered":"<p><div class=\"fusion-fullwidth fullwidth-box fusion-builder-row-1 fusion-flex-container nonhundred-percent-fullwidth non-hundred-percent-height-scrolling breadcrumbs_css\" style=\"--awb-border-radius-top-left:0px;--awb-border-radius-top-right:0px;--awb-border-radius-bottom-right:0px;--awb-border-radius-bottom-left:0px;--awb-padding-right:0px;--awb-padding-left:0px;--awb-flex-wrap:wrap;\" ><div class=\"fusion-builder-row fusion-row fusion-flex-align-items-flex-start fusion-flex-content-wrap\" style=\"max-width:calc( 1100px + 0px );margin-left: calc(-0px \/ 2 );margin-right: calc(-0px \/ 2 );\"><div class=\"fusion-layout-column fusion_builder_column fusion-builder-column-0 fusion_builder_column_1_1 1_1 fusion-flex-column\" style=\"--awb-bg-size:cover;--awb-width-large:100%;--awb-margin-top-large:0px;--awb-spacing-right-large:0px;--awb-margin-bottom-large:0px;--awb-spacing-left-large:0px;--awb-width-medium:100%;--awb-order-medium:0;--awb-spacing-right-medium:0px;--awb-spacing-left-medium:0px;--awb-width-small:100%;--awb-order-small:0;--awb-spacing-right-small:0px;--awb-spacing-left-small:0px;\"><div class=\"fusion-column-wrapper fusion-column-has-shadow fusion-flex-justify-content-flex-start fusion-content-layout-column\"><nav class=\"fusion-breadcrumbs fusion-breadcrumbs-1\" style=\"--awb-text-color:var(--awb-color5);--awb-breadcrumb-sep:&#039;\/&#039;;\" aria-label=\"Breadcrumb\"><ol class=\"awb-breadcrumb-list\"><li class=\"fusion-breadcrumb-item awb-breadcrumb-sep awb-home\" ><a href=\"https:\/\/samshine.nl\/de\" class=\"fusion-breadcrumb-link\"><span >Home<\/span><\/a><\/li><\/ol><\/nav><div class=\"fusion-title title fusion-title-1 fusion-sep-none fusion-title-center fusion-title-text fusion-title-size-one\" style=\"--awb-margin-bottom:0px;--awb-margin-top-small:10px;--awb-margin-right-small:0px;--awb-margin-bottom-small:10px;--awb-margin-left-small:0px;\"><h1 class=\"fusion-title-heading title-heading-center\" style=\"margin:0;\">Datenschutzerkl\u00e4rung<\/h1><\/div><\/div><\/div><\/div><\/div><div class=\"fusion-fullwidth fullwidth-box fusion-builder-row-2 fusion-flex-container has-pattern-background has-mask-background hundred-percent-fullwidth non-hundred-percent-height-scrolling\" style=\"--awb-border-radius-top-left:0px;--awb-border-radius-top-right:0px;--awb-border-radius-bottom-right:0px;--awb-border-radius-bottom-left:0px;--awb-margin-bottom:-1px;--awb-flex-wrap:wrap;\" ><div class=\"fusion-builder-row fusion-row fusion-flex-align-items-flex-start fusion-flex-content-wrap\" style=\"width:104% !important;max-width:104% !important;margin-left: calc(-4% \/ 2 );margin-right: calc(-4% \/ 2 );\"><div class=\"fusion-layout-column fusion_builder_column fusion-builder-column-1 fusion_builder_column_1_1 1_1 fusion-flex-column\" style=\"--awb-bg-size:cover;--awb-width-large:100%;--awb-margin-top-large:0px;--awb-spacing-right-large:1.92%;--awb-margin-bottom-large:0px;--awb-spacing-left-large:1.92%;--awb-width-medium:100%;--awb-order-medium:0;--awb-spacing-right-medium:1.92%;--awb-spacing-left-medium:1.92%;--awb-width-small:100%;--awb-order-small:0;--awb-spacing-right-small:1.92%;--awb-spacing-left-small:1.92%;\"><div class=\"fusion-column-wrapper fusion-column-has-shadow fusion-flex-justify-content-flex-start fusion-content-layout-column\"><div class=\"fusion-section-separator section-separator big-half-circle fusion-section-separator-1\" style=\"--awb-spacer-height:99px;--awb-svg-margin-left:1.92%;--awb-svg-margin-right:1.92%;--awb-svg-margin-left-medium:1.92%;--awb-svg-margin-right-medium:1.92%;--awb-svg-margin-left-small:1.92%;--awb-svg-margin-right-small:1.92%;--awb-divider-height:99px;--awb-spacer-padding-top:inherit;--awb-sep-padding:0;--awb-svg-padding:0;\"><div class=\"fusion-section-separator-svg\"><svg class=\"fusion-big-half-circle-candy\" xmlns=\"http:\/\/www.w3.org\/2000\/svg\" version=\"1.1\" width=\"100%\" height=\"100\" viewBox=\"0 0 100 100\" preserveAspectRatio=\"none\" fill=\"rgba(150,145,198,1)\"><path d=\"M0 100 C40 0 60 0 100 100 Z\"><\/path><\/svg><\/div><div class=\"fusion-section-separator-spacer\"><div class=\"fusion-section-separator-spacer-height\"><\/div><\/div><\/div><\/div><\/div><\/div><\/div>\n<div class=\"fusion-fullwidth fullwidth-box fusion-builder-row-3 fusion-flex-container nonhundred-percent-fullwidth non-hundred-percent-height-scrolling\" style=\"--awb-border-radius-top-left:0px;--awb-border-radius-top-right:0px;--awb-border-radius-bottom-right:0px;--awb-border-radius-bottom-left:0px;--awb-padding-top:10px;--awb-padding-bottom:20px;--awb-margin-bottom:10px;--awb-background-color:#9691c6;--awb-flex-wrap:wrap;\" ><div class=\"fusion-builder-row fusion-row fusion-flex-align-items-flex-start fusion-flex-content-wrap\" style=\"max-width:1144px;margin-left: calc(-4% \/ 2 );margin-right: calc(-4% \/ 2 );\"><div class=\"fusion-layout-column fusion_builder_column fusion-builder-column-2 fusion_builder_column_1_1 1_1 fusion-flex-column\" style=\"--awb-bg-size:cover;--awb-width-large:100%;--awb-margin-top-large:0px;--awb-spacing-right-large:1.92%;--awb-margin-bottom-large:0px;--awb-spacing-left-large:1.92%;--awb-width-medium:100%;--awb-order-medium:0;--awb-spacing-right-medium:1.92%;--awb-spacing-left-medium:1.92%;--awb-width-small:100%;--awb-order-small:0;--awb-spacing-right-small:1.92%;--awb-spacing-left-small:1.92%;\"><div class=\"fusion-column-wrapper fusion-column-has-shadow fusion-flex-justify-content-flex-start fusion-content-layout-column\"><div class=\"fusion-title title fusion-title-2 fusion-sep-none fusion-title-text fusion-title-size-three\" style=\"--awb-margin-top-small:10px;--awb-margin-right-small:0px;--awb-margin-bottom-small:10px;--awb-margin-left-small:0px;\"><h3 class=\"fusion-title-heading title-heading-left\" style=\"margin:0;\">Datenschutzerkl\u00e4rung<\/p>\n<div id=\"gtx-trans\" style=\"position: absolute; left: 147px; top: -10px;\">\n<div class=\"gtx-trans-icon\"><\/div>\n<\/div><\/h3><\/div><div class=\"fusion-text fusion-text-1\"><p>SamShine Theatre legt gro\u00dfen Wert auf den Schutz personenbezogener Daten und ist f\u00fcr die Verarbeitung personenbezogener Daten verantwortlich. Mit dieser Datenschutzerkl\u00e4rung erkl\u00e4ren wir, wie wir mit Ihren pers\u00f6nlichen Daten umgehen.<\/p>\n<\/div><\/div><\/div><\/div><\/div><div class=\"fusion-fullwidth fullwidth-box fusion-builder-row-4 fusion-flex-container nonhundred-percent-fullwidth non-hundred-percent-height-scrolling\" style=\"--awb-border-radius-top-left:0px;--awb-border-radius-top-right:0px;--awb-border-radius-bottom-right:0px;--awb-border-radius-bottom-left:0px;--awb-flex-wrap:wrap;\" ><div class=\"fusion-builder-row fusion-row fusion-flex-align-items-flex-start fusion-flex-content-wrap\" style=\"max-width:1144px;margin-left: calc(-4% \/ 2 );margin-right: calc(-4% \/ 2 );\"><div class=\"fusion-layout-column fusion_builder_column fusion-builder-column-3 fusion_builder_column_1_1 1_1 fusion-flex-column\" style=\"--awb-bg-size:cover;--awb-width-large:100%;--awb-margin-top-large:0px;--awb-spacing-right-large:1.92%;--awb-margin-bottom-large:0px;--awb-spacing-left-large:1.92%;--awb-width-medium:100%;--awb-order-medium:0;--awb-spacing-right-medium:1.92%;--awb-spacing-left-medium:1.92%;--awb-width-small:100%;--awb-order-small:0;--awb-spacing-right-small:1.92%;--awb-spacing-left-small:1.92%;\"><div class=\"fusion-column-wrapper fusion-column-has-shadow fusion-flex-justify-content-flex-start fusion-content-layout-column\"><div class=\"fusion-title title fusion-title-3 fusion-sep-none fusion-title-text fusion-title-size-two\" style=\"--awb-margin-bottom:0px;--awb-margin-top-small:10px;--awb-margin-right-small:0px;--awb-margin-bottom-small:10px;--awb-margin-left-small:0px;\"><h2 class=\"fusion-title-heading title-heading-left\" style=\"margin:0;\"><b>Wer sind wir?<\/b><\/h2><\/div><div class=\"fusion-text fusion-text-2\"><p>SamShine Theatre<br \/>\nkvk: 24423349<br \/>\nWebsiteadresse: https:\/\/samshine.nl<\/p>\n<div id=\"gtx-trans\" style=\"position: absolute; left: 297px; top: 38px;\">\n<div class=\"gtx-trans-icon\"><\/div>\n<\/div>\n<\/div><div class=\"fusion-title title fusion-title-4 fusion-sep-none fusion-title-text fusion-title-size-two\" style=\"--awb-margin-bottom:0px;--awb-margin-top-small:10px;--awb-margin-right-small:0px;--awb-margin-bottom-small:10px;--awb-margin-left-small:0px;\"><h2 class=\"fusion-title-heading title-heading-left\" style=\"margin:0;\">Personenbezogene Daten<\/h2><\/div><div class=\"fusion-text fusion-text-3\"><p>Personenbezogene Daten sind Daten, die etwas \u00fcber Sie aussagen, beispielsweise Ihren Namen, Ihre Adresse oder Ihr Geburtsdatum. SamShine verarbeitet Ihre pers\u00f6nlichen Daten, weil Sie unsere Dienste nutzen und \/ oder weil Sie diese selbst bereitstellen. Dies betrifft die folgenden Situationen:<\/p>\n<\/div><div class=\"accordian fusion-accordian\" style=\"--awb-border-size:1px;--awb-icon-size:18px;--awb-content-font-size:18px;--awb-icon-alignment:left;--awb-hover-color:#f9f9f9;--awb-border-color:#cccccc;--awb-background-color:#ffffff;--awb-divider-color:#e0dede;--awb-divider-hover-color:#e0dede;--awb-icon-color:#ffffff;--awb-title-color:#e76c07;--awb-content-color:#000000;--awb-icon-box-color:#333333;--awb-toggle-hover-accent-color:#000000;--awb-title-font-family:&quot;Quicksand&quot;;--awb-title-font-weight:600;--awb-title-font-style:normal;--awb-title-font-size:18px;--awb-content-font-family:&quot;Quicksand&quot;;--awb-content-font-style:normal;--awb-content-font-weight:regular;\"><div class=\"panel-group fusion-toggle-icon-boxed\" id=\"accordion-6933-1\"><div class=\"fusion-panel panel-default panel-266b2aac0ab9b4da4 fusion-toggle-no-divider\"><div class=\"panel-heading\"><h4 class=\"panel-title toggle\" id=\"toggle_266b2aac0ab9b4da4\"><a aria-expanded=\"false\" aria-controls=\"266b2aac0ab9b4da4\" role=\"button\" data-toggle=\"collapse\" data-target=\"#266b2aac0ab9b4da4\" href=\"#266b2aac0ab9b4da4\"><span class=\"fusion-toggle-icon-wrapper\" aria-hidden=\"true\"><i class=\"fa-fusion-box active-icon awb-icon-minus\" aria-hidden=\"true\"><\/i><i class=\"fa-fusion-box inactive-icon awb-icon-plus\" aria-hidden=\"true\"><\/i><\/span><span class=\"fusion-toggle-heading\">Sie sind Besucher unserer Website und hinterlassen Ihre Daten z.B. bei Fragen<\/span><\/a><\/h4><\/div><div id=\"266b2aac0ab9b4da4\" class=\"panel-collapse collapse \" aria-labelledby=\"toggle_266b2aac0ab9b4da4\"><div class=\"panel-body toggle-content fusion-clearfix\">\n<p>Wir bewahren Ihre:<\/p>\n<ul>\n<li>Vor- und Nachname<\/li>\n<li>Telefonnummer<\/li>\n<li>E-Mail-Adresse<\/li>\n<\/ul>\n<p>SamShine Theatre verarbeitet diese personenbezogenen Daten:<\/p>\n<ul>\n<li>Um Ihre Frage beantworten zu k\u00f6nnen<\/li>\n<li>Um Sie \u00fcber \u00c4nderungen in den Diensten zu informieren<\/li>\n<\/ul>\n<p>Wir bewahren Daten mindestens ein Jahr lang auf.<\/p>\n<\/div><\/div><\/div><div class=\"fusion-panel panel-default panel-c6422f9620be8c958 fusion-toggle-no-divider\"><div class=\"panel-heading\"><h4 class=\"panel-title toggle\" id=\"toggle_c6422f9620be8c958\"><a aria-expanded=\"false\" aria-controls=\"c6422f9620be8c958\" role=\"button\" data-toggle=\"collapse\" data-target=\"#c6422f9620be8c958\" href=\"#c6422f9620be8c958\"><span class=\"fusion-toggle-icon-wrapper\" aria-hidden=\"true\"><i class=\"fa-fusion-box active-icon awb-icon-minus\" aria-hidden=\"true\"><\/i><i class=\"fa-fusion-box inactive-icon awb-icon-plus\" aria-hidden=\"true\"><\/i><\/span><span class=\"fusion-toggle-heading\">Sie sind unser Kunde oder wir sind Ihr Kunde<\/span><\/a><\/h4><\/div><div id=\"c6422f9620be8c958\" class=\"panel-collapse collapse \" aria-labelledby=\"toggle_c6422f9620be8c958\"><div class=\"panel-body toggle-content fusion-clearfix\">wir bewahren Ihre:<\/p>\n<ul>\n<li>Vor- und Nachname<\/li>\n<li>Adresse Details<\/li>\n<li>Telefonnummer<\/li>\n<li>E-Mail-Adresse<\/li>\n<li>Bankkontonummer<\/li>\n<li>Umsatzsteuer-Identifikationsnummer<\/li>\n<\/ul>\n<p>SamShine Theatre verarbeitet diese personenbezogenen Daten, um:<\/p>\n<ul>\n<li>Sie zu bezahlen oder Ihnen eine Rechnung zu senden<\/li>\n<li>Sie bei Bedarf anrufen oder eine E-Mail kontaktieren zu k\u00f6nnen, um unsere Dienstleistungen erbringen zu k\u00f6nnen, oder um Sie im Falle einer \u00c4nderung des Servicepakets zu informieren.<\/li>\n<\/ul>\n<p>Aufgrund der Anforderungen der Steuerbeh\u00f6rden bewahren wir unsere Kundendaten mindestens siebenJahre lang auf.<\/div><\/div><\/div><div class=\"fusion-panel panel-default panel-6c3957574504e43cd fusion-toggle-no-divider\"><div class=\"panel-heading\"><h4 class=\"panel-title toggle\" id=\"toggle_6c3957574504e43cd\"><a aria-expanded=\"false\" aria-controls=\"6c3957574504e43cd\" role=\"button\" data-toggle=\"collapse\" data-target=\"#6c3957574504e43cd\" href=\"#6c3957574504e43cd\"><span class=\"fusion-toggle-icon-wrapper\" aria-hidden=\"true\"><i class=\"fa-fusion-box active-icon awb-icon-minus\" aria-hidden=\"true\"><\/i><i class=\"fa-fusion-box inactive-icon awb-icon-plus\" aria-hidden=\"true\"><\/i><\/span><span class=\"fusion-toggle-heading\">Sie haben sich f\u00fcr ein Praktikum oder einen Arbeitsplatz bei SamShine Theatre beworben <\/span><\/a><\/h4><\/div><div id=\"6c3957574504e43cd\" class=\"panel-collapse collapse \" aria-labelledby=\"toggle_6c3957574504e43cd\"><div class=\"panel-body toggle-content fusion-clearfix\">Wir bewahren die pers\u00f6nlichen Daten, die Sie uns in Ihrer Bewerbung zur Verf\u00fcgung gestellt haben. Oft geht es darum<\/p>\n<ul>\n<li style=\"list-style-type: none;\">\n<ul>\n<li>Adressdetails<\/li>\n<li>Telefonnummer<\/li>\n<li>E-Mail-Adress<\/li>\n<li>Geburtsdatum<\/li>\n<li>Bildung und Berufserfahrung<\/li>\n<\/ul>\n<p>Wenn Ihre Bewerbung nicht zu einem Praktikum bei uns f\u00fchrt, werden wir Ihre Daten umgehend l\u00f6schen. Wenn Sie ein Praktikum bei uns machen, werden wir Ihre Daten nach Ablauf Ihrer Praktikumszeit mindestens ein Jahr lang aufbewahren. Wenn Sie sich f\u00fcr einen Arbeitsplatz bewerben, werden Ihre Daten mindestens 1 Jahr lang aufbewahrt<\/li>\n<\/ul>\n<\/div><\/div><\/div><\/div><\/div><div class=\"fusion-separator fusion-full-width-sep\" style=\"align-self: center;margin-left: auto;margin-right: auto;margin-top:10px;width:100%;\"><\/div><div class=\"fusion-title title fusion-title-5 fusion-sep-none fusion-title-text fusion-title-size-two\" style=\"--awb-margin-bottom:0px;--awb-margin-top-small:10px;--awb-margin-right-small:0px;--awb-margin-bottom-small:10px;--awb-margin-left-small:0px;\"><h2 class=\"fusion-title-heading title-heading-left\" style=\"margin:0;\">Automatisierte Entscheidungsfindung<\/h2><\/div><div class=\"fusion-text fusion-text-4\"><p>SamShine Theatre trifft keine Entscheidungen auf der Grundlage einer automatisierten Verarbeitung von Angelegenheiten, die (erhebliche) Konsequenzen f\u00fcr Menschen haben k\u00f6nnen. Hierbei handelt es sich um Entscheidungen, die von Computerprogrammen oder -systemen getroffen werden, ohne dass eine Person (z. B. ein Mitarbeiter von SamShine Theatre) beteiligt ist.<\/p>\n<\/div><div class=\"fusion-title title fusion-title-6 fusion-sep-none fusion-title-text fusion-title-size-two\" style=\"--awb-margin-bottom:0px;--awb-margin-top-small:10px;--awb-margin-right-small:0px;--awb-margin-bottom-small:10px;--awb-margin-left-small:0px;\"><h2 class=\"fusion-title-heading title-heading-left\" style=\"margin:0;\">Weitergabe personenbezogener Daten an Dritte<\/h2><\/div><div class=\"fusion-text fusion-text-5\"><p>SamShine Theatre wird Ihre Daten nicht an Dritte verkaufen und nur dann zur Verf\u00fcgung stellen, wenn dies zur Ausf\u00fchrung unserer Vereinbarung mit Ihnen oder zur Einhaltung einer gesetzlichen Verpflichtung erforderlich ist. Wir schlie\u00dfen eine Verarbeitungsvereinbarung mit Unternehmen ab, die Ihre Daten in unserem Namen verarbeiten, um das gleiche Ma\u00df an Sicherheit und Vertraulichkeit Ihrer Daten zu gew\u00e4hrleisten. SamShine Theatre bleibt f\u00fcr diese Verarbeitungsvorg\u00e4nge verantwortlich.<\/p>\n<\/div><div class=\"fusion-title title fusion-title-7 fusion-sep-none fusion-title-text fusion-title-size-two\" style=\"--awb-margin-bottom:0px;--awb-margin-top-small:10px;--awb-margin-right-small:0px;--awb-margin-bottom-small:10px;--awb-margin-left-small:0px;\"><h2 class=\"fusion-title-heading title-heading-left\" style=\"margin:0;\">Cookies<\/h2><\/div><div class=\"fusion-text fusion-text-6\"><p>Wenn Sie auf unsere Website zugreifen, wird ein Cookie hinterlassen. Ein Cookie ist eine kleine Textdatei, die beim ersten Besuch dieser Website auf Ihrem Computer, Tablet oder Smartphone gespeichert wird. Wir tun dies, um zu sehen, wie viele Personen unsere Website besuchen. Diese Daten sind vollst\u00e4ndig anonymisiert und werden nicht an Google weitergegeben. Aus diesem Grund m\u00fcssen wir keine Cookie-Benachrichtigung auf unserer Website ver\u00f6ffentlichen. Sie k\u00f6nnen Cookies deaktivieren, indem Sie Ihren Internetbrowser so einstellen, dass keine Cookies mehr gespeichert werden. Dar\u00fcber hinaus k\u00f6nnen Sie auch alle zuvor \u00fcber Ihre Browsereinstellungen gespeicherten Informationen l\u00f6schen. Eine Erkl\u00e4rung finden Sie unter: <a href=\"https:\/\/veiliginternetten.nl\/themes\/situatie\/cookies-wat-zijn-het-en-wat-doe-ik-ermee\/\" target=\"_blank\" rel=\"noopener\">https:\/\/veiliginternetten.nl\/themes\/situatie\/cookies-wat-zijn-het-en-wat-doe-ik-ermee\/<\/a><\/p>\n<\/div><div class=\"fusion-title title fusion-title-8 fusion-sep-none fusion-title-text fusion-title-size-two\" style=\"--awb-margin-bottom:0px;--awb-margin-top-small:10px;--awb-margin-right-small:0px;--awb-margin-bottom-small:10px;--awb-margin-left-small:0px;\"><h2 class=\"fusion-title-heading title-heading-left\" style=\"margin:0;\">Google Analytics<\/h2><\/div><div class=\"fusion-text fusion-text-7\"><p>Wir verfolgen Besuche auf unserer Website mit Google Analytics. Zu diesem Zweck haben wir mit Google eine Prozessorvereinbarung geschlossen. Die IP-Adressen der Website-Besucher sind anonymisiert. Wir haben auch den Datenaustausch mit Google deaktiviert.<\/p>\n<\/div><div class=\"fusion-title title fusion-title-9 fusion-sep-none fusion-title-text fusion-title-size-two\" style=\"--awb-margin-bottom:0px;--awb-margin-top-small:10px;--awb-margin-right-small:0px;--awb-margin-bottom-small:10px;--awb-margin-left-small:0px;\"><h2 class=\"fusion-title-heading title-heading-left\" style=\"margin:0;\">Hoe wij persoonsgegevens beveiligen<\/h2><\/div><div class=\"fusion-text fusion-text-8\"><p>SamShine Theatre nimmt den Schutz Ihrer Daten ernst und ergreift geeignete Ma\u00dfnahmen, um Missbrauch, Verlust, unbefugten Zugriff, unerw\u00fcnschte Offenlegung und unbefugte \u00c4nderung zu verhindern. Wenn Sie der Meinung sind, dass Ihre Daten nicht ordnungsgem\u00e4\u00df gesichert sind oder Hinweise auf Missbrauch vorliegen, wenden Sie sich bitte an Sandy Wagner unter <a href=\"mailto:info@samshine.nl\" target=\"_blank\" rel=\"noopener\">info@samshine.nl<\/a>.<\/p>\n<\/div><div class=\"fusion-title title fusion-title-10 fusion-sep-none fusion-title-text fusion-title-size-two\" style=\"--awb-margin-bottom:0px;--awb-margin-top-small:10px;--awb-margin-right-small:0px;--awb-margin-bottom-small:10px;--awb-margin-left-small:0px;\"><h2 class=\"fusion-title-heading title-heading-left\" style=\"margin:0;\">Anzeigen, \u00c4ndern oder L\u00f6schen von Daten<\/h2><\/div><div class=\"fusion-text fusion-text-9\"><p>Sie haben das Recht, auf Ihre pers\u00f6nlichen Daten zuzugreifen, diese zu korrigieren oder zu l\u00f6schen. Sie haben auch das Recht, Ihre Zustimmung zur Datenverarbeitung zu widerrufen oder der Verarbeitung Ihrer personenbezogenen Daten durch SamShine Theatre zu widersprechen, und Sie haben das Recht auf Daten\u00fcbertragbarkeit. Dies bedeutet, dass Sie eine Anfrage an uns senden k\u00f6nnen, um die pers\u00f6nlichen Daten, die wir \u00fcber Sie in einer Computerdatei haben, an Sie oder eine andere von Ihnen erw\u00e4hnte Organisation zu senden. Sie k\u00f6nnen eine Anfrage f\u00fcr den Zugriff, die Korrektur, die L\u00f6schung, die Daten\u00fcbertragung Ihrer pers\u00f6nlichen Daten oder die Aufhebung Ihrer Zustimmung oder den Widerspruch gegen die Verarbeitung Ihrer pers\u00f6nlichen Daten an info@samshine.nl senden.Um sicherzustellen, dass Sie die Zugangsanfrage gestellt haben, bitten wir Sie, eine Kopie Ihrer ID mit der Anfrage zu senden. Machen Sie Ihr Passfoto, MRZ (maschinenlesbare Zone, der Streifen mit den Nummern am unteren Rand des Passes), die Passnummer und die B\u00fcrgerservicenummer (BSN) in dieser Kopie schwarz. Dies dient zum Schutz Ihrer Privatsph\u00e4re. Wir werden Ihre Anfrage so schnell wie m\u00f6glich, jedoch innerhalb von vier Wochen beantworten.<br \/>\nWir m\u00f6chten Sie auch darauf hinweisen, dass Sie die M\u00f6glichkeit haben, eine Beschwerde bei der nationalen Aufsichtsbeh\u00f6rde, der niederl\u00e4ndischen Datenschutzbeh\u00f6rde, einzureichen. Dies kann \u00fcber den folgenden Link erfolgen: <a href=\"https:\/\/autoriteitpersoonsgegevens.nl\/nl\/contact-met-de-autoriteit-persoonsgegevens\/tip-ons\" target=\"_blank\" rel=\"noopener\">https:\/\/autoriteitpersoonsgegevens.nl\/nl\/contact-met-de-autoriteit-persoonsgegevens\/tip-ons<\/a><\/p>\n<\/div><div class=\"fusion-title title fusion-title-11 fusion-sep-none fusion-title-text fusion-title-size-two\" style=\"--awb-margin-bottom:0px;--awb-margin-top-small:10px;--awb-margin-right-small:0px;--awb-margin-bottom-small:10px;--awb-margin-left-small:0px;\"><h2 class=\"fusion-title-heading title-heading-left\" style=\"margin:0;\">Haben Sie Fragen zum Datenschutz?<\/h2><\/div><div class=\"fusion-text fusion-text-10\"><p>Haben Sie Fragen dazu, wie wir Ihre pers\u00f6nlichen Daten verwenden, nachdem Sie diese Datenschutzerkl\u00e4rung gelesen haben? Bitte kontaktieren Sie uns \u00fcber<\/p>\n<p><a href=\"mailto:info@samshine.nl\" target=\"_blank\" rel=\"noopener\">info@samshine.nl<\/a><\/p>\n<\/div><\/div><\/div><\/div><\/div><\/p>\n","protected":false},"excerpt":{"rendered":"","protected":false},"author":1,"featured_media":0,"parent":0,"menu_order":26,"comment_status":"closed","ping_status":"closed","template":"100-width.php","meta":{"_acf_changed":false,"_seopress_robots_primary_cat":"","_seopress_titles_title":"","_seopress_titles_desc":"","_seopress_robots_index":"","footnotes":""},"class_list":["post-6933","page","type-page","status-publish","hentry"],"acf":[],"_links":{"self":[{"href":"https:\/\/samshine.nl\/de\/wp-json\/wp\/v2\/pages\/6933","targetHints":{"allow":["GET"]}}],"collection":[{"href":"https:\/\/samshine.nl\/de\/wp-json\/wp\/v2\/pages"}],"about":[{"href":"https:\/\/samshine.nl\/de\/wp-json\/wp\/v2\/types\/page"}],"author":[{"embeddable":true,"href":"https:\/\/samshine.nl\/de\/wp-json\/wp\/v2\/users\/1"}],"replies":[{"embeddable":true,"href":"https:\/\/samshine.nl\/de\/wp-json\/wp\/v2\/comments?post=6933"}],"version-history":[{"count":6,"href":"https:\/\/samshine.nl\/de\/wp-json\/wp\/v2\/pages\/6933\/revisions"}],"predecessor-version":[{"id":10664,"href":"https:\/\/samshine.nl\/de\/wp-json\/wp\/v2\/pages\/6933\/revisions\/10664"}],"wp:attachment":[{"href":"https:\/\/samshine.nl\/de\/wp-json\/wp\/v2\/media?parent=6933"}],"curies":[{"name":"wp","href":"https:\/\/api.w.org\/{rel}","templated":true}]}}